{"id":137,"date":"2021-10-11T09:25:07","date_gmt":"2021-10-11T09:25:07","guid":{"rendered":"https:\/\/ehetovadnovenyeink.hu\/?page_id=137"},"modified":"2021-11-21T18:43:40","modified_gmt":"2021-11-21T18:43:40","slug":"opuntia-phaecantha","status":"publish","type":"page","link":"https:\/\/ehetovadnovenyeink.hu\/index.php\/opuntia-phaecantha\/","title":{"rendered":"Opuntia phaeacantha &#8211; kolor\u00e1d\u00f3i medvetalpkaktusz"},"content":{"rendered":"<p>3. Opuntia phaeacantha &#8211; kolor\u00e1d\u00f3i medvetalpkaktusz<\/p>\n<p>\u00c9szak-amerikai eredet\u0171 sz\u00e1rszukkulens faj, haz\u00e1nkban d\u00edszn\u00f6v\u00e9nyk\u00e9nt \u00fcltetik. A v\u00edz- \u00e9s t\u00e1panyagok rakt\u00e1roz\u00e1s\u00e1ra szolg\u00e1l\u00f3 f\u00f6ld feletti m\u00f3dosult, pozsg\u00e1s sz\u00e1r\u00e1t mely lapos, kerekded, f\u0151leg fels\u0151 r\u00e9sz\u00e9n er\u0151sen t\u00f6vises, klad\u00f3diumnak nevezz\u00fck. Term\u00e9se fogyaszthat\u00f3, ov\u00e1lis vagy k\u00f6rte alak\u00fa klad\u00f3diumba s\u00fcllyedt bogy\u00f3szer\u0171 \u00e1lterm\u00e9s, \u00e9retten 3,5-8 cm hossz\u00fa, k\u00edv\u00fcl piros v. lila, term\u00e9sh\u00fasa z\u00f6ld. A kl\u00edmav\u00e1ltoz\u00e1s hat\u00e1s\u00e1ra a faj terjed\u00e9sre hajlamos, gyomos\u00edthat!<\/p>\n<p>Mikor gy\u0171jthet\u0151: \u0151szt\u0151l<\/p>\n<p>&nbsp;<\/p>\n<p><img loading=\"lazy\" decoding=\"async\" class=\"alignnone size-full wp-image-841\" src=\"https:\/\/ehetovadnovenyeink.hu\/wp-content\/uploads\/2021\/10\/DSCF4750.jpg\" alt=\"\" width=\"1200\" height=\"900\" srcset=\"https:\/\/ehetovadnovenyeink.hu\/wp-content\/uploads\/2021\/10\/DSCF4750.jpg 1200w, https:\/\/ehetovadnovenyeink.hu\/wp-content\/uploads\/2021\/10\/DSCF4750-300x225.jpg 300w, https:\/\/ehetovadnovenyeink.hu\/wp-content\/uploads\/2021\/10\/DSCF4750-768x576.jpg 768w\" sizes=\"(max-width: 1200px) 100vw, 1200px\" \/><\/p>\n<p><img loading=\"lazy\" decoding=\"async\" class=\"alignnone size-full wp-image-839\" src=\"https:\/\/ehetovadnovenyeink.hu\/wp-content\/uploads\/2021\/10\/Opuntia_phaecantha-1_WEB0261.jpg\" alt=\"\" width=\"1200\" height=\"800\" srcset=\"https:\/\/ehetovadnovenyeink.hu\/wp-content\/uploads\/2021\/10\/Opuntia_phaecantha-1_WEB0261.jpg 1200w, https:\/\/ehetovadnovenyeink.hu\/wp-content\/uploads\/2021\/10\/Opuntia_phaecantha-1_WEB0261-300x200.jpg 300w, https:\/\/ehetovadnovenyeink.hu\/wp-content\/uploads\/2021\/10\/Opuntia_phaecantha-1_WEB0261-768x512.jpg 768w\" sizes=\"(max-width: 1200px) 100vw, 1200px\" \/> <img loading=\"lazy\" decoding=\"async\" class=\"alignnone size-full wp-image-840\" src=\"https:\/\/ehetovadnovenyeink.hu\/wp-content\/uploads\/2021\/10\/Opuntia_phaecantha-2_WEB0262.jpg\" alt=\"\" width=\"1200\" height=\"800\" srcset=\"https:\/\/ehetovadnovenyeink.hu\/wp-content\/uploads\/2021\/10\/Opuntia_phaecantha-2_WEB0262.jpg 1200w, https:\/\/ehetovadnovenyeink.hu\/wp-content\/uploads\/2021\/10\/Opuntia_phaecantha-2_WEB0262-300x200.jpg 300w, https:\/\/ehetovadnovenyeink.hu\/wp-content\/uploads\/2021\/10\/Opuntia_phaecantha-2_WEB0262-768x512.jpg 768w\" sizes=\"(max-width: 1200px) 100vw, 1200px\" \/> <img loading=\"lazy\" decoding=\"async\" class=\"alignnone size-full wp-image-842\" src=\"https:\/\/ehetovadnovenyeink.hu\/wp-content\/uploads\/2021\/10\/DSCF1250.jpg\" alt=\"\" width=\"1200\" height=\"900\" srcset=\"https:\/\/ehetovadnovenyeink.hu\/wp-content\/uploads\/2021\/10\/DSCF1250.jpg 1200w, https:\/\/ehetovadnovenyeink.hu\/wp-content\/uploads\/2021\/10\/DSCF1250-300x225.jpg 300w, https:\/\/ehetovadnovenyeink.hu\/wp-content\/uploads\/2021\/10\/DSCF1250-768x576.jpg 768w\" sizes=\"(max-width: 1200px) 100vw, 1200px\" \/><\/p>\n","protected":false},"excerpt":{"rendered":"<p>3. Opuntia phaeacantha &#8211; kolor\u00e1d\u00f3i medvetalpkaktusz \u00c9szak-amerikai eredet\u0171 sz\u00e1rszukkulens faj, haz\u00e1nkban d\u00edszn\u00f6v\u00e9nyk\u00e9nt \u00fcltetik. A v\u00edz- \u00e9s t\u00e1panyagok rakt\u00e1roz\u00e1s\u00e1ra szolg\u00e1l\u00f3 f\u00f6ld feletti m\u00f3dosult, pozsg\u00e1s sz\u00e1r\u00e1t mely lapos, kerekded, f\u0151leg fels\u0151 r\u00e9sz\u00e9n er\u0151sen t\u00f6vises, klad\u00f3diumnak nevezz\u00fck. Term\u00e9se fogyaszthat\u00f3, ov\u00e1lis vagy k\u00f6rte alak\u00fa klad\u00f3diumba s\u00fcllyedt bogy\u00f3szer\u0171 \u00e1lterm\u00e9s, \u00e9retten 3,5-8 cm hossz\u00fa, k\u00edv\u00fcl piros v. lila, term\u00e9sh\u00fasa z\u00f6ld. A [&hellip;]<\/p>\n","protected":false},"author":1,"featured_media":0,"parent":0,"menu_order":0,"comment_status":"closed","ping_status":"closed","template":"","meta":{"_monsterinsights_skip_tracking":false,"_monsterinsights_sitenote_active":false,"_monsterinsights_sitenote_note":"","_monsterinsights_sitenote_category":0,"footnotes":""},"_links":{"self":[{"href":"https:\/\/ehetovadnovenyeink.hu\/index.php\/wp-json\/wp\/v2\/pages\/137"}],"collection":[{"href":"https:\/\/ehetovadnovenyeink.hu\/index.php\/wp-json\/wp\/v2\/pages"}],"about":[{"href":"https:\/\/ehetovadnovenyeink.hu\/index.php\/wp-json\/wp\/v2\/types\/page"}],"author":[{"embeddable":true,"href":"https:\/\/ehetovadnovenyeink.hu\/index.php\/wp-json\/wp\/v2\/users\/1"}],"replies":[{"embeddable":true,"href":"https:\/\/ehetovadnovenyeink.hu\/index.php\/wp-json\/wp\/v2\/comments?post=137"}],"version-history":[{"count":6,"href":"https:\/\/ehetovadnovenyeink.hu\/index.php\/wp-json\/wp\/v2\/pages\/137\/revisions"}],"predecessor-version":[{"id":1172,"href":"https:\/\/ehetovadnovenyeink.hu\/index.php\/wp-json\/wp\/v2\/pages\/137\/revisions\/1172"}],"wp:attachment":[{"href":"https:\/\/ehetovadnovenyeink.hu\/index.php\/wp-json\/wp\/v2\/media?parent=137"}],"curies":[{"name":"wp","href":"https:\/\/api.w.org\/{rel}","templated":true}]}}