{"id":133,"date":"2021-10-09T12:34:39","date_gmt":"2021-10-09T12:34:39","guid":{"rendered":"https:\/\/ehetovadnovenyeink.hu\/?page_id=133"},"modified":"2021-11-01T21:03:02","modified_gmt":"2021-11-01T21:03:02","slug":"fajok-latin-abc-sorrendben","status":"publish","type":"page","link":"https:\/\/ehetovadnovenyeink.hu\/index.php\/fajok-latin-abc-sorrendben\/","title":{"rendered":"Fajok latin ABC sorrendben"},"content":{"rendered":"<table width=\"325\">\n<tbody>\n<tr>\n<td width=\"159\"><a href=\"https:\/\/ehetovadnovenyeink.hu\/index.php\/alliaria-petiolata-hagymaszagu-kanyazsombor\/\">Alliaria petiolata<\/a><\/td>\n<td width=\"166\">hagymaszag\u00fa k\u00e1nyazsombor<\/td>\n<\/tr>\n<tr>\n<td width=\"159\"><a href=\"https:\/\/ehetovadnovenyeink.hu\/index.php\/allium-ampeloprasum-nyari-hagyma\/\">Allium ampeloprasum<\/a><\/td>\n<td width=\"166\">ny\u00e1ri hagyma<\/td>\n<\/tr>\n<tr>\n<td width=\"159\"><a href=\"https:\/\/ehetovadnovenyeink.hu\/index.php\/allium-lusitanicum-hegyi-hagyma\/\">Allium lusitanicum<\/a><\/td>\n<td width=\"166\">hegyi hagyma<\/td>\n<\/tr>\n<tr>\n<td width=\"159\"><a href=\"https:\/\/ehetovadnovenyeink.hu\/index.php\/allium-oleraceum-erdes-hagyma\/\">Allium oleraceum<\/a><\/td>\n<td width=\"166\">\u00e9rdes hagyma<\/td>\n<\/tr>\n<tr>\n<td width=\"159\"><a href=\"https:\/\/ehetovadnovenyeink.hu\/index.php\/allium-spp-hagymafelek\/\">Allium spp.<\/a><\/td>\n<td width=\"166\">hagymaf\u00e9l\u00e9k<\/td>\n<\/tr>\n<tr>\n<td width=\"159\"><a href=\"https:\/\/ehetovadnovenyeink.hu\/index.php\/allium-ursinum-medvehagyma\/\">Allium ursinum<\/a><\/td>\n<td width=\"166\">medvehagyma<\/td>\n<\/tr>\n<tr>\n<td width=\"159\"><a href=\"https:\/\/ehetovadnovenyeink.hu\/index.php\/allium-victorialis-havasi-hagyma\/\">Allium victorialis<\/a><\/td>\n<td width=\"166\">havasi hagyma<\/td>\n<\/tr>\n<tr>\n<td width=\"159\"><a href=\"https:\/\/ehetovadnovenyeink.hu\/index.php\/aronia-melanocarpa-fekete-berkenye\/\">Aronia melanocarpa<\/a><\/td>\n<td width=\"166\">fekete berkenye<\/td>\n<\/tr>\n<tr>\n<td width=\"159\"><a href=\"https:\/\/ehetovadnovenyeink.hu\/index.php\/asparagus-officinalis\/\">Asparagus officinalis<\/a><\/td>\n<td width=\"166\">k\u00f6z\u00f6ns\u00e9ges sp\u00e1rga<\/td>\n<\/tr>\n<tr>\n<td width=\"159\"><a href=\"https:\/\/ehetovadnovenyeink.hu\/index.php\/berberis-vulgaris-soskaborbolya\/\">Berberis vulgaris<\/a><\/td>\n<td width=\"166\">s\u00f3skaborbolya<\/td>\n<\/tr>\n<tr>\n<td width=\"159\"><a href=\"https:\/\/ehetovadnovenyeink.hu\/index.php\/betula-pendula-kozonseges-nyir\/\">Betula pendula<\/a><\/td>\n<td width=\"166\">k\u00f6z\u00f6ns\u00e9ges ny\u00edr<\/td>\n<\/tr>\n<tr>\n<td width=\"159\"><a href=\"https:\/\/ehetovadnovenyeink.hu\/index.php\/carum-carvi-komeny\/\">Carum carvi<\/a><\/td>\n<td width=\"166\">k\u00f6m\u00e9ny<\/td>\n<\/tr>\n<tr>\n<td width=\"159\"><a href=\"https:\/\/ehetovadnovenyeink.hu\/index.php\/castanea-sativa-szelidgesztenye\/\">Castanea sativa<\/a><\/td>\n<td width=\"166\">szel\u00eddgesztenye<\/td>\n<\/tr>\n<tr>\n<td width=\"159\"><a href=\"https:\/\/ehetovadnovenyeink.hu\/index.php\/chaerophyllum-bulbosum-csemege-baraboly\/\">Chaerophyllum bulbosum<\/a><\/td>\n<td width=\"166\">csemege baraboly<\/td>\n<\/tr>\n<tr>\n<td width=\"159\"><a href=\"https:\/\/ehetovadnovenyeink.hu\/index.php\/cichorium-intybus-mezei-katangkoro\/\">Cichorium intybus<\/a><\/td>\n<td width=\"166\">mezei kat\u00e1ngk\u00f3r\u00f3<\/td>\n<\/tr>\n<tr>\n<td width=\"159\"><a href=\"https:\/\/ehetovadnovenyeink.hu\/index.php\/cornus-mas-husos-som\/\">Cornus mas<\/a><\/td>\n<td width=\"166\">h\u00fasos som<\/td>\n<\/tr>\n<tr>\n<td width=\"159\"><a href=\"https:\/\/ehetovadnovenyeink.hu\/index.php\/corylus-avellana-kozonseges-mogyoro\/\">Corylus avellana<\/a><\/td>\n<td width=\"166\">k\u00f6z\u00f6ns\u00e9ges mogyor\u00f3<\/td>\n<\/tr>\n<tr>\n<td width=\"159\"><a href=\"https:\/\/ehetovadnovenyeink.hu\/index.php\/corylus-colurna-torok-mogyoro\/\">Corylus colurna<\/a><\/td>\n<td width=\"166\">t\u00f6r\u00f6k mogyor\u00f3<\/td>\n<\/tr>\n<tr>\n<td width=\"159\"><a href=\"https:\/\/ehetovadnovenyeink.hu\/index.php\/corylus-maxima-csoves-mogyoro\/\">Corylus maxima<\/a><\/td>\n<td width=\"166\">cs\u00f6ves mogyor\u00f3<\/td>\n<\/tr>\n<tr>\n<td width=\"159\"><a href=\"https:\/\/ehetovadnovenyeink.hu\/index.php\/crataegus-crus-galli-sarkantyus-galagonya\/\">Crataegus crus-galli<\/a><\/td>\n<td width=\"166\">sarkanty\u00fas galagonya<\/td>\n<\/tr>\n<tr>\n<td width=\"159\"><a href=\"https:\/\/ehetovadnovenyeink.hu\/index.php\/crataegus-monogyna-egybibes-galagonya\/\">Crataegus monogyna<\/a><\/td>\n<td width=\"166\">egybib\u00e9s galagonya<\/td>\n<\/tr>\n<tr>\n<td width=\"159\"><a href=\"https:\/\/ehetovadnovenyeink.hu\/index.php\/crataegus-nigra-fekete-galagonya\/\">Crataegus nigra<\/a><\/td>\n<td width=\"166\">fekete galagonya<\/td>\n<\/tr>\n<tr>\n<td width=\"159\"><a href=\"https:\/\/ehetovadnovenyeink.hu\/index.php\/cydonia-oblonga-kozonseges-birs\/\">Cydonia oblonga<\/a><\/td>\n<td width=\"166\">k\u00f6z\u00f6ns\u00e9ges birs<\/td>\n<\/tr>\n<tr>\n<td width=\"159\"><a href=\"https:\/\/ehetovadnovenyeink.hu\/index.php\/diplotaxis-tenuifolia-utszeli-kanyazsazsa\/\">Diplotaxis tenuifolia<\/a><\/td>\n<td width=\"166\">\u00fatsz\u00e9li k\u00e1nyazs\u00e1zsa<\/td>\n<\/tr>\n<tr>\n<td width=\"159\"><a href=\"https:\/\/ehetovadnovenyeink.hu\/index.php\/eruca-versicaria-borsmustar-rukkola\/\">Eruca vesicaria<\/a><\/td>\n<td width=\"166\">borsmust\u00e1r<\/td>\n<\/tr>\n<tr>\n<td width=\"159\"><a href=\"https:\/\/ehetovadnovenyeink.hu\/index.php\/ficaria-verna-salataboglarka\/\">Ficaria verna<\/a><\/td>\n<td width=\"166\">sal\u00e1tabogl\u00e1rka<\/td>\n<\/tr>\n<tr>\n<td width=\"159\"><a href=\"https:\/\/ehetovadnovenyeink.hu\/index.php\/ficus-carica-kozonseges-fuge\/\">Ficus carica<\/a><\/td>\n<td width=\"166\">k\u00f6z\u00f6ns\u00e9ges f\u00fcge<\/td>\n<\/tr>\n<tr>\n<td width=\"159\"><a href=\"https:\/\/ehetovadnovenyeink.hu\/index.php\/fragaria-vesca-erdei-szamoca\/\">Fragaria vesca<\/a><\/td>\n<td width=\"166\">erdei szam\u00f3ca<\/td>\n<\/tr>\n<tr>\n<td width=\"159\"><a href=\"https:\/\/ehetovadnovenyeink.hu\/index.php\/galium-verum-tejolto-galaj\/\">Galium verum<\/a><\/td>\n<td width=\"166\">tejolt\u00f3 galaj<\/td>\n<\/tr>\n<tr>\n<td width=\"159\"><a href=\"https:\/\/ehetovadnovenyeink.hu\/index.php\/gleditsia-triacanthos\/\">Gleditsia triacanthos<\/a><\/td>\n<td width=\"166\">t\u00f6vises lep\u00e9nyfa<\/td>\n<\/tr>\n<tr>\n<td width=\"159\"><a href=\"https:\/\/ehetovadnovenyeink.hu\/index.php\/glycyrrhiza-glabra-igazi-edesgyoker\/\">Glycyrrhiza glabra<\/a><\/td>\n<td width=\"166\">igazi \u00e9desgy\u00f6k\u00e9r<\/td>\n<\/tr>\n<tr>\n<td width=\"159\"><a href=\"https:\/\/ehetovadnovenyeink.hu\/index.php\/helianthus-tuberosus-csicsoka\/\">Helianthus tuberosus<\/a><\/td>\n<td width=\"166\">csics\u00f3ka<\/td>\n<\/tr>\n<tr>\n<td width=\"159\"><a href=\"https:\/\/ehetovadnovenyeink.hu\/index.php\/humulus-lupulus-felfuto-komlo\/\">Humulus lupulus<\/a><\/td>\n<td width=\"166\">felfut\u00f3 koml\u00f3<\/td>\n<\/tr>\n<tr>\n<td width=\"159\"><a href=\"https:\/\/ehetovadnovenyeink.hu\/index.php\/juniperus-communis-kozonseges-boroka\/\">Juniperus communis<\/a><\/td>\n<td width=\"166\">k\u00f6z\u00f6ns\u00e9ges bor\u00f3ka<\/td>\n<\/tr>\n<tr>\n<td width=\"159\"><a href=\"https:\/\/ehetovadnovenyeink.hu\/index.php\/lapsana-communis-bojtorjansalata\/\">Lapsana communis<\/a><\/td>\n<td width=\"166\">bojtorj\u00e1nsal\u00e1ta<\/td>\n<\/tr>\n<tr>\n<td width=\"159\"><a href=\"https:\/\/ehetovadnovenyeink.hu\/index.php\/lathyrus-tuberosus-gumos-lednek\/\">Lathyrus tuberosus<\/a><\/td>\n<td width=\"166\">gum\u00f3s lednek<\/td>\n<\/tr>\n<tr>\n<td width=\"159\"><a href=\"https:\/\/ehetovadnovenyeink.hu\/index.php\/malus-sylvestris-kozonseges-vadalma\/\">Malus sylvestris<\/a><\/td>\n<td width=\"166\">k\u00f6z\u00f6ns\u00e9ges vadalma<\/td>\n<\/tr>\n<tr>\n<td width=\"159\"><a href=\"https:\/\/ehetovadnovenyeink.hu\/index.php\/matricaria-recutita-kamilla\/\">Matricaria recutita<\/a><\/td>\n<td width=\"166\">kamilla<\/td>\n<\/tr>\n<tr>\n<td width=\"159\"><a href=\"https:\/\/ehetovadnovenyeink.hu\/index.php\/mentha-aquatica-vizi-menta\/\">Mentha aquatica<\/a><\/td>\n<td width=\"166\">v\u00edzi menta<\/td>\n<\/tr>\n<tr>\n<td width=\"159\"><a href=\"https:\/\/ehetovadnovenyeink.hu\/index.php\/morus-alba-feher-eperfa\/\">Morus alba<\/a><\/td>\n<td width=\"166\">feh\u00e9r eperfa<\/td>\n<\/tr>\n<tr>\n<td width=\"159\"><a href=\"https:\/\/ehetovadnovenyeink.hu\/index.php\/opuntia-humifusa\/\">Opuntia humifusa<\/a><\/td>\n<td width=\"166\">hever\u0151 medvetalpkaktusz<\/td>\n<\/tr>\n<tr>\n<td width=\"159\"><a href=\"https:\/\/ehetovadnovenyeink.hu\/index.php\/opuntia-phaecantha\/\">Opuntia phaeacantha<\/a><\/td>\n<td width=\"166\">kolor\u00e1d\u00f3i medvetalpkaktusz<\/td>\n<\/tr>\n<tr>\n<td width=\"159\"><a href=\"https:\/\/ehetovadnovenyeink.hu\/index.php\/origanum-vulgare-szurokfu\/\">Origanum vulgare<\/a><\/td>\n<td width=\"166\">szurokf\u0171<\/td>\n<\/tr>\n<tr>\n<td width=\"159\"><a href=\"https:\/\/ehetovadnovenyeink.hu\/index.php\/panicum-miliaceum-termesztett-koles\/\">Panicum\u00a0 miliaceum<\/a><\/td>\n<td width=\"166\">termesztett k\u00f6les<\/td>\n<\/tr>\n<tr>\n<td width=\"159\"><a href=\"https:\/\/ehetovadnovenyeink.hu\/index.php\/pastinaca-sativa-pasztinak\/\">Pastinaca sativa<\/a><\/td>\n<td width=\"166\">pasztin\u00e1k<\/td>\n<\/tr>\n<tr>\n<td width=\"159\"><a href=\"https:\/\/ehetovadnovenyeink.hu\/index.php\/picea-abies-kozonseges-lucfenyo\/\">Picea abies<\/a><\/td>\n<td width=\"166\">k\u00f6z\u00f6ns\u00e9ges lucfeny\u0151<\/td>\n<\/tr>\n<tr>\n<td width=\"159\"><a href=\"https:\/\/ehetovadnovenyeink.hu\/index.php\/pisum-elatius-magas-borso\/\">Pisum elatius<\/a><\/td>\n<td width=\"166\">magas bors\u00f3<\/td>\n<\/tr>\n<tr>\n<td width=\"159\"><a href=\"https:\/\/ehetovadnovenyeink.hu\/index.php\/portulaca-oleracea-kover-porcsin\/\">Portulaca oleracea<\/a><\/td>\n<td width=\"166\">k\u00f6v\u00e9r porcsin<\/td>\n<\/tr>\n<tr>\n<td width=\"159\"><a href=\"https:\/\/ehetovadnovenyeink.hu\/index.php\/prunus-fruticosa-csepleszmeggy\/\">Prunus fruticosa<\/a><\/td>\n<td width=\"166\">csepleszmeggy<\/td>\n<\/tr>\n<tr>\n<td width=\"159\"><a href=\"https:\/\/ehetovadnovenyeink.hu\/index.php\/prunus-mahaleb-sajmeggy\/\">Prunus mahaleb<\/a><\/td>\n<td width=\"166\">sajmeggy<\/td>\n<\/tr>\n<tr>\n<td width=\"159\"><a href=\"https:\/\/ehetovadnovenyeink.hu\/index.php\/prunus-spinosa-kokeny\/\">Prunus spinosa<\/a><\/td>\n<td width=\"166\">k\u00f6k\u00e9ny<\/td>\n<\/tr>\n<tr>\n<td width=\"159\"><a href=\"https:\/\/ehetovadnovenyeink.hu\/index.php\/pyrus-pyraster-vadkorte\/\">Pyrus pyraster<\/a><\/td>\n<td width=\"166\">vadk\u00f6rte<\/td>\n<\/tr>\n<tr>\n<td width=\"159\"><a href=\"https:\/\/ehetovadnovenyeink.hu\/index.php\/pyrus-ussuriensis-kinai-korte\/\">Pyrus ussuriensis<\/a><\/td>\n<td width=\"166\">k\u00ednai k\u00f6rte<\/td>\n<\/tr>\n<tr>\n<td width=\"159\"><a href=\"https:\/\/ehetovadnovenyeink.hu\/index.php\/ribes-aureum-aranyribiszke\/\">Ribes aureum<\/a><\/td>\n<td width=\"166\">aranyribiszke<\/td>\n<\/tr>\n<tr>\n<td width=\"159\"><a href=\"https:\/\/ehetovadnovenyeink.hu\/index.php\/rosa-canina-gyepurozsa\/\">Rosa canina<\/a><\/td>\n<td width=\"166\">gyep\u0171r\u00f3zsa<\/td>\n<\/tr>\n<tr>\n<td width=\"159\"><a href=\"https:\/\/ehetovadnovenyeink.hu\/index.php\/rubus-caesius-hamvas-szeder\/\">Rubus caesius<\/a><\/td>\n<td width=\"166\">hamvas szeder<\/td>\n<\/tr>\n<tr>\n<td width=\"159\"><a href=\"https:\/\/ehetovadnovenyeink.hu\/index.php\/rubus-fruticosus-foldi-szeder\/\">Rubus fruticosus<\/a><\/td>\n<td width=\"166\">f\u00f6ldi szeder<\/td>\n<\/tr>\n<tr>\n<td width=\"159\"><a href=\"https:\/\/ehetovadnovenyeink.hu\/index.php\/rubus-idaeus-erdei-malna\/\">Rubus idaeus<\/a><\/td>\n<td width=\"166\">erdei m\u00e1lna<\/td>\n<\/tr>\n<tr>\n<td width=\"159\"><a href=\"https:\/\/ehetovadnovenyeink.hu\/index.php\/sambucus-nigra-fekete-bodza\/\">Sambucus nigra<\/a><\/td>\n<td width=\"166\">fekete bodza<\/td>\n<\/tr>\n<tr>\n<td width=\"159\"><a href=\"https:\/\/ehetovadnovenyeink.hu\/index.php\/sempervivum-tectorum-hazi-kovirozsa\/\">Sempervivum tectorum<\/a><\/td>\n<td width=\"166\">h\u00e1zi k\u00f6vir\u00f3zsa<\/td>\n<\/tr>\n<tr>\n<td width=\"159\"><a href=\"https:\/\/ehetovadnovenyeink.hu\/index.php\/sorbus-domestica-hazi-berkenye\/\">Sorbus domestica<\/a><\/td>\n<td width=\"166\">h\u00e1zi berkenye<\/td>\n<\/tr>\n<tr>\n<td width=\"159\"><a href=\"https:\/\/ehetovadnovenyeink.hu\/index.php\/stellaria-media-kozonseges-tyukhur\/\">Stellaria media<\/a><\/td>\n<td width=\"166\">k\u00f6z\u00f6ns\u00e9ges ty\u00fakh\u00far<\/td>\n<\/tr>\n<tr>\n<td width=\"159\"><a href=\"https:\/\/ehetovadnovenyeink.hu\/index.php\/syringa-vulgaris-kozonseges-orgona\/\">Syringa vulgaris<\/a><\/td>\n<td width=\"166\">k\u00f6z\u00f6ns\u00e9ges orgona<\/td>\n<\/tr>\n<tr>\n<td width=\"159\"><a href=\"https:\/\/ehetovadnovenyeink.hu\/index.php\/thymus-spp-kakukkfu-fajok\/\">Thymus spp.<\/a><\/td>\n<td width=\"166\">kakukkf\u0171 fajok<\/td>\n<\/tr>\n<tr>\n<td width=\"159\"><a href=\"https:\/\/ehetovadnovenyeink.hu\/index.php\/tilia-cordata-kislevelu-hars\/\">Tilia cordata<\/a><\/td>\n<td width=\"166\">kislevel\u0171 h\u00e1rs<\/td>\n<\/tr>\n<tr>\n<td width=\"159\"><a href=\"https:\/\/ehetovadnovenyeink.hu\/index.php\/tragopogon-orientalis-kozonseges-bakszakall\/\">Tragopogon orientalis<\/a><\/td>\n<td width=\"166\">k\u00f6z\u00f6ns\u00e9ges bakszak\u00e1ll<\/td>\n<\/tr>\n<tr>\n<td width=\"159\"><a href=\"https:\/\/ehetovadnovenyeink.hu\/index.php\/triticum-monococcum-egyszemu-buza\/\">Triticum monococcum<\/a><\/td>\n<td width=\"166\">egyszem\u0171 b\u00faza<\/td>\n<\/tr>\n<tr>\n<td width=\"159\"><a href=\"https:\/\/ehetovadnovenyeink.hu\/index.php\/tussilago-farfara-lokormu-martilapu\/\">Tussilago farfara<\/a><\/td>\n<td width=\"166\">l\u00f3k\u00f6rm\u0171 martilapu<\/td>\n<\/tr>\n<tr>\n<td width=\"159\"><a href=\"https:\/\/ehetovadnovenyeink.hu\/index.php\/typha-angustifolia-keskenylevelu-gyekeny\/\">Typha angustifolia<\/a><\/td>\n<td width=\"166\">keskenylevel\u0171 gy\u00e9k\u00e9ny<\/td>\n<\/tr>\n<tr>\n<td width=\"159\"><a href=\"https:\/\/ehetovadnovenyeink.hu\/index.php\/typha-latifolia-szeleslevelu-gyekeny\/\">Typha latifolia<\/a><\/td>\n<td width=\"166\">sz\u00e9leslevel\u0171 gy\u00e9k\u00e9ny<\/td>\n<\/tr>\n<tr>\n<td width=\"159\"><a href=\"https:\/\/ehetovadnovenyeink.hu\/index.php\/viola-odorata-illatos-ibolya\/\">Viola odorata<\/a><\/td>\n<td width=\"166\">illatos ibolya<\/td>\n<\/tr>\n<tr>\n<td width=\"159\"><a href=\"https:\/\/ehetovadnovenyeink.hu\/index.php\/viola-tricolor-haromszinu-arvacska\/\">Viola tricolor<\/a><\/td>\n<td width=\"166\">h\u00e1romsz\u00edn\u0171 \u00e1rv\u00e1cska<\/td>\n<\/tr>\n<tr>\n<td width=\"159\"><a href=\"https:\/\/ehetovadnovenyeink.hu\/index.php\/vitis-labrusca-roka-szolo\/\">Vitis labrusca<\/a><\/td>\n<td width=\"166\">r\u00f3ka sz\u0151l\u0151<\/td>\n<\/tr>\n<tr>\n<td width=\"159\"><a href=\"https:\/\/ehetovadnovenyeink.hu\/index.php\/vitis-riparia-parti-szolo\/\">Vitis riparia<\/a><\/td>\n<td width=\"166\">parti sz\u0151l\u0151<\/td>\n<\/tr>\n<tr>\n<td width=\"159\"><a href=\"https:\/\/ehetovadnovenyeink.hu\/index.php\/vitis-sylvestris-ligeti-szolo\/\">Vitis sylvestris<\/a><\/td>\n<td width=\"166\">ligeti sz\u0151l\u0151<\/td>\n<\/tr>\n<\/tbody>\n<\/table>\n","protected":false},"excerpt":{"rendered":"<p>Alliaria petiolata hagymaszag\u00fa k\u00e1nyazsombor Allium ampeloprasum ny\u00e1ri hagyma Allium lusitanicum hegyi hagyma Allium oleraceum \u00e9rdes hagyma Allium spp. hagymaf\u00e9l\u00e9k Allium ursinum medvehagyma Allium victorialis havasi hagyma Aronia melanocarpa fekete berkenye Asparagus officinalis k\u00f6z\u00f6ns\u00e9ges sp\u00e1rga Berberis vulgaris s\u00f3skaborbolya Betula pendula k\u00f6z\u00f6ns\u00e9ges ny\u00edr Carum carvi k\u00f6m\u00e9ny Castanea sativa szel\u00eddgesztenye Chaerophyllum bulbosum csemege baraboly Cichorium intybus mezei kat\u00e1ngk\u00f3r\u00f3 [&hellip;]<\/p>\n","protected":false},"author":1,"featured_media":0,"parent":0,"menu_order":0,"comment_status":"closed","ping_status":"closed","template":"","meta":{"_monsterinsights_skip_tracking":false,"_monsterinsights_sitenote_active":false,"_monsterinsights_sitenote_note":"","_monsterinsights_sitenote_category":0,"footnotes":""},"_links":{"self":[{"href":"https:\/\/ehetovadnovenyeink.hu\/index.php\/wp-json\/wp\/v2\/pages\/133"}],"collection":[{"href":"https:\/\/ehetovadnovenyeink.hu\/index.php\/wp-json\/wp\/v2\/pages"}],"about":[{"href":"https:\/\/ehetovadnovenyeink.hu\/index.php\/wp-json\/wp\/v2\/types\/page"}],"author":[{"embeddable":true,"href":"https:\/\/ehetovadnovenyeink.hu\/index.php\/wp-json\/wp\/v2\/users\/1"}],"replies":[{"embeddable":true,"href":"https:\/\/ehetovadnovenyeink.hu\/index.php\/wp-json\/wp\/v2\/comments?post=133"}],"version-history":[{"count":16,"href":"https:\/\/ehetovadnovenyeink.hu\/index.php\/wp-json\/wp\/v2\/pages\/133\/revisions"}],"predecessor-version":[{"id":1148,"href":"https:\/\/ehetovadnovenyeink.hu\/index.php\/wp-json\/wp\/v2\/pages\/133\/revisions\/1148"}],"wp:attachment":[{"href":"https:\/\/ehetovadnovenyeink.hu\/index.php\/wp-json\/wp\/v2\/media?parent=133"}],"curies":[{"name":"wp","href":"https:\/\/api.w.org\/{rel}","templated":true}]}}