{"id":118,"date":"2021-10-09T12:18:45","date_gmt":"2021-10-09T12:18:45","guid":{"rendered":"https:\/\/ehetovadnovenyeink.hu\/?page_id=118"},"modified":"2021-10-15T16:45:35","modified_gmt":"2021-10-15T16:45:35","slug":"gleditsia-triacanthos","status":"publish","type":"page","link":"https:\/\/ehetovadnovenyeink.hu\/index.php\/gleditsia-triacanthos\/","title":{"rendered":"Gleditsia triacanthos &#8211; t\u00f6vises lep\u00e9nyfa"},"content":{"rendered":"<p>1. Gleditsia triacanthos &#8211; t\u00f6vises lep\u00e9nyfa<\/p>\n<p>\u00c9szak-amerikai eredet\u0171 fa, t\u00f6rzse, \u00e1gai t\u00f6visesek, a t\u00f6visek gyakran el\u00e1gaz\u00f3k. Levele k\u00e9tszeresen p\u00e1rosan sz\u00e1rnyasan \u00f6sszetett a lev\u00e9lke hossz\u00fak\u00e1s, tompa cs\u00facs\u00fa, legfeljebb 3,5 cm hossz\u00fa. F\u00fcrt vir\u00e1gzata 5-7 cm. Nagym\u00e9ret\u0171 h\u00fcvely term\u00e9se, 15-40 cm hossz\u00fa, lapos, \u00edvesen hajl\u00f3, 8-25 magv\u00fa. A fejletlen h\u00fcvelyterm\u00e9s \u00e9desk\u00e9s nedve fogyaszthat\u00f3.<\/p>\n<p>Mikor gy\u0171jthet\u0151: \u0151szt\u0151l<\/p>\n<p>&nbsp;<\/p>\n<p><img loading=\"lazy\" decoding=\"async\" class=\"alignnone wp-image-766 size-full\" src=\"https:\/\/ehetovadnovenyeink.hu\/wp-content\/uploads\/2021\/10\/Gleditsia_triacathos-9_WEB0542.jpg\" alt=\"\" width=\"800\" height=\"1200\" srcset=\"https:\/\/ehetovadnovenyeink.hu\/wp-content\/uploads\/2021\/10\/Gleditsia_triacathos-9_WEB0542.jpg 800w, https:\/\/ehetovadnovenyeink.hu\/wp-content\/uploads\/2021\/10\/Gleditsia_triacathos-9_WEB0542-200x300.jpg 200w, https:\/\/ehetovadnovenyeink.hu\/wp-content\/uploads\/2021\/10\/Gleditsia_triacathos-9_WEB0542-768x1152.jpg 768w\" sizes=\"(max-width: 800px) 100vw, 800px\" \/><\/p>\n<p><img loading=\"lazy\" decoding=\"async\" class=\"alignnone size-full wp-image-774\" src=\"https:\/\/ehetovadnovenyeink.hu\/wp-content\/uploads\/2021\/10\/Gleditsia_triacathos-4_WEB0540.jpg\" alt=\"\" width=\"492\" height=\"737\" srcset=\"https:\/\/ehetovadnovenyeink.hu\/wp-content\/uploads\/2021\/10\/Gleditsia_triacathos-4_WEB0540.jpg 492w, https:\/\/ehetovadnovenyeink.hu\/wp-content\/uploads\/2021\/10\/Gleditsia_triacathos-4_WEB0540-200x300.jpg 200w\" sizes=\"(max-width: 492px) 100vw, 492px\" \/><\/p>\n<p><img loading=\"lazy\" decoding=\"async\" class=\"alignnone size-full wp-image-775\" src=\"https:\/\/ehetovadnovenyeink.hu\/wp-content\/uploads\/2021\/10\/Gleditsia_triacathos-6_WEB0177.jpg\" alt=\"\" width=\"1200\" height=\"800\" srcset=\"https:\/\/ehetovadnovenyeink.hu\/wp-content\/uploads\/2021\/10\/Gleditsia_triacathos-6_WEB0177.jpg 1200w, https:\/\/ehetovadnovenyeink.hu\/wp-content\/uploads\/2021\/10\/Gleditsia_triacathos-6_WEB0177-300x200.jpg 300w, https:\/\/ehetovadnovenyeink.hu\/wp-content\/uploads\/2021\/10\/Gleditsia_triacathos-6_WEB0177-768x512.jpg 768w\" sizes=\"(max-width: 1200px) 100vw, 1200px\" \/> <img loading=\"lazy\" decoding=\"async\" class=\"alignnone size-full wp-image-768\" src=\"https:\/\/ehetovadnovenyeink.hu\/wp-content\/uploads\/2021\/10\/Gleditsia_triacathos-3_WEB0176.jpg\" alt=\"\" width=\"1200\" height=\"800\" srcset=\"https:\/\/ehetovadnovenyeink.hu\/wp-content\/uploads\/2021\/10\/Gleditsia_triacathos-3_WEB0176.jpg 1200w, https:\/\/ehetovadnovenyeink.hu\/wp-content\/uploads\/2021\/10\/Gleditsia_triacathos-3_WEB0176-300x200.jpg 300w, https:\/\/ehetovadnovenyeink.hu\/wp-content\/uploads\/2021\/10\/Gleditsia_triacathos-3_WEB0176-768x512.jpg 768w\" sizes=\"(max-width: 1200px) 100vw, 1200px\" \/><\/p>\n<p><img loading=\"lazy\" decoding=\"async\" class=\"alignnone wp-image-767 size-large\" src=\"https:\/\/ehetovadnovenyeink.hu\/wp-content\/uploads\/2021\/10\/gleditsia_triacanthos-771x1200.jpg\" alt=\"\" width=\"771\" height=\"1200\" srcset=\"https:\/\/ehetovadnovenyeink.hu\/wp-content\/uploads\/2021\/10\/gleditsia_triacanthos-771x1200.jpg 771w, https:\/\/ehetovadnovenyeink.hu\/wp-content\/uploads\/2021\/10\/gleditsia_triacanthos-193x300.jpg 193w, https:\/\/ehetovadnovenyeink.hu\/wp-content\/uploads\/2021\/10\/gleditsia_triacanthos-768x1195.jpg 768w, https:\/\/ehetovadnovenyeink.hu\/wp-content\/uploads\/2021\/10\/gleditsia_triacanthos-987x1536.jpg 987w, https:\/\/ehetovadnovenyeink.hu\/wp-content\/uploads\/2021\/10\/gleditsia_triacanthos.jpg 1172w\" sizes=\"(max-width: 771px) 100vw, 771px\" \/><\/p>\n<p><a href=\"https:\/\/www.flickr.com\/photos\/biodivlibrary\/10441509443\/in\/photolist-gUFsYT-wHRibt-oeSUwY-odZByR-w8drj5-x5KvRr-odYvwq-x5fiuK-otHR97-oeZ9sa-w8puGz-owhv7m-HuDfCK-wYXC9o-of2Z56-ouu5pY-w8mfAK-cZRkSA-xbNofb-owiQvw-x5nVRe-of2YU6-ovcbur-odNnsD-wMCGsu-wYGAYw-oeWPMF-2hH7hFs-oeDfoZ-tn3wxB-w8fhof-w8mf4x-r7yGtW-w8ef2U-275EQRs-w8dY8u-qs8GXJ-tDuQya-QFWH8T-xXhMwF-oez2HC-x4tKpN-oeLfpC-xWuc9e-owjU7P-x5fukx-DCamWs-ydTKdq-xbNzff-oeQZ5t\">Gleditsia triacanthos<\/a> &#8211; t\u00f6vises lep\u00e9nyfa<\/p>\n","protected":false},"excerpt":{"rendered":"<p>1. Gleditsia triacanthos &#8211; t\u00f6vises lep\u00e9nyfa \u00c9szak-amerikai eredet\u0171 fa, t\u00f6rzse, \u00e1gai t\u00f6visesek, a t\u00f6visek gyakran el\u00e1gaz\u00f3k. Levele k\u00e9tszeresen p\u00e1rosan sz\u00e1rnyasan \u00f6sszetett a lev\u00e9lke hossz\u00fak\u00e1s, tompa cs\u00facs\u00fa, legfeljebb 3,5 cm hossz\u00fa. F\u00fcrt vir\u00e1gzata 5-7 cm. Nagym\u00e9ret\u0171 h\u00fcvely term\u00e9se, 15-40 cm hossz\u00fa, lapos, \u00edvesen hajl\u00f3, 8-25 magv\u00fa. A fejletlen h\u00fcvelyterm\u00e9s \u00e9desk\u00e9s nedve fogyaszthat\u00f3. Mikor gy\u0171jthet\u0151: \u0151szt\u0151l &nbsp; [&hellip;]<\/p>\n","protected":false},"author":1,"featured_media":0,"parent":0,"menu_order":0,"comment_status":"closed","ping_status":"closed","template":"","meta":{"_monsterinsights_skip_tracking":false,"_monsterinsights_sitenote_active":false,"_monsterinsights_sitenote_note":"","_monsterinsights_sitenote_category":0,"footnotes":""},"_links":{"self":[{"href":"https:\/\/ehetovadnovenyeink.hu\/index.php\/wp-json\/wp\/v2\/pages\/118"}],"collection":[{"href":"https:\/\/ehetovadnovenyeink.hu\/index.php\/wp-json\/wp\/v2\/pages"}],"about":[{"href":"https:\/\/ehetovadnovenyeink.hu\/index.php\/wp-json\/wp\/v2\/types\/page"}],"author":[{"embeddable":true,"href":"https:\/\/ehetovadnovenyeink.hu\/index.php\/wp-json\/wp\/v2\/users\/1"}],"replies":[{"embeddable":true,"href":"https:\/\/ehetovadnovenyeink.hu\/index.php\/wp-json\/wp\/v2\/comments?post=118"}],"version-history":[{"count":7,"href":"https:\/\/ehetovadnovenyeink.hu\/index.php\/wp-json\/wp\/v2\/pages\/118\/revisions"}],"predecessor-version":[{"id":776,"href":"https:\/\/ehetovadnovenyeink.hu\/index.php\/wp-json\/wp\/v2\/pages\/118\/revisions\/776"}],"wp:attachment":[{"href":"https:\/\/ehetovadnovenyeink.hu\/index.php\/wp-json\/wp\/v2\/media?parent=118"}],"curies":[{"name":"wp","href":"https:\/\/api.w.org\/{rel}","templated":true}]}}