{"id":115,"date":"2021-10-09T12:01:13","date_gmt":"2021-10-09T12:01:13","guid":{"rendered":"https:\/\/ehetovadnovenyeink.hu\/?page_id=115"},"modified":"2023-11-27T09:27:09","modified_gmt":"2023-11-27T08:27:09","slug":"kapcsolat","status":"publish","type":"page","link":"https:\/\/ehetovadnovenyeink.hu\/index.php\/kapcsolat\/","title":{"rendered":"Kapcsolat"},"content":{"rendered":"<p><a href=\"https:\/\/soroksaribotanikuskert.uni-mate.hu\/\">Soroks\u00e1ri Botanikus Kert el\u00e9rhet\u0151s\u00e9ge <\/a><\/p>\r\n<p>Nyitvatart\u00e1s:<\/p>\r\n<p>H\u00e9tf\u0151 &#8211; P\u00e9ntek\u00a0\u00a0 8:00 &#8211; 16:00<\/p>\r\n<p>Szombat\u00a0\u00a0\u00a0\u00a0\u00a0\u00a0\u00a0\u00a0\u00a0\u00a0 \u00a0 \u00a0 9:00 &#8211; 16:00<\/p>\r\n<p>Vas\u00e1rnap\u00a0\u00a0\u00a0\u00a0\u00a0\u00a0\u00a0 \u00a0\u00a0 \u00a0 Z\u00e1rva \u00a0<\/p>\r\n<p>MATE, Soroks\u00e1ri Botanikus Kert szakmai vezet\u0151je: <strong>Prof.<\/strong>\u00a0<strong>Dr. H\u00f6hn M\u00e1ria<\/strong><\/p>\r\n<p><strong>Telefon:\u00a0<\/strong><\/p>\r\n<ul>\r\n<li><strong>+36 30 375 2438<\/strong><\/li>\r\n<\/ul>\r\n<p><strong>Hivatalos e-mail el\u00e9rhet\u0151s\u00e9g: botanikuskert.soroksar@uni-mate.hu<\/strong> \u00a0<\/p>\r\n\r\n<figure class=\"wp-block-table\">\r\n<table class=\" alignright\">\r\n<tbody>\r\n<tr>\r\n<td><strong>Bel\u00e9p\u0151 \u00e1rak:<\/strong><\/td>\r\n<td>\u00a0<\/td>\r\n<\/tr>\r\n<tr>\r\n<td><strong>Jegyek:<\/strong><\/td>\r\n<td>\u00a0<\/td>\r\n<\/tr>\r\n<tr>\r\n<td>Teljes \u00e1r\u00fa jegy<\/td>\r\n<td>800 Ft<\/td>\r\n<\/tr>\r\n<tr>\r\n<td>Kedvezm\u00e9nyes jegy<\/td>\r\n<td>500 Ft<\/td>\r\n<\/tr>\r\n<tr>\r\n<td>Fot\u00f3s jegy<\/td>\r\n<td>400 Ft<\/td>\r\n<\/tr>\r\n<tr>\r\n<td><strong>B\u00e9rletek (10 alkalom):<\/strong><\/td>\r\n<td>\u00a0<\/td>\r\n<\/tr>\r\n<tr>\r\n<td>B\u00e9rlet, teljes \u00e1r\u00fa<\/td>\r\n<td>7000 Ft<\/td>\r\n<\/tr>\r\n<tr>\r\n<td>B\u00e9rlet, kedvezm\u00e9nyes<\/td>\r\n<td>4000 Ft<\/td>\r\n<\/tr>\r\n<tr>\r\n<td>Szakvezet\u00e9s<\/td>\r\n<td>3000 Ft<\/td>\r\n<\/tr>\r\n<\/tbody>\r\n<\/table>\r\n<\/figure>","protected":false},"excerpt":{"rendered":"<p>Soroks\u00e1ri Botanikus Kert el\u00e9rhet\u0151s\u00e9ge Nyitvatart\u00e1s: H\u00e9tf\u0151 &#8211; P\u00e9ntek\u00a0\u00a0 8:00 &#8211; 16:00 Szombat\u00a0\u00a0\u00a0\u00a0\u00a0\u00a0\u00a0\u00a0\u00a0\u00a0 \u00a0 \u00a0 9:00 &#8211; 16:00 Vas\u00e1rnap\u00a0\u00a0\u00a0\u00a0\u00a0\u00a0\u00a0 \u00a0\u00a0 \u00a0 Z\u00e1rva \u00a0 MATE, Soroks\u00e1ri Botanikus Kert szakmai vezet\u0151je: Prof.\u00a0Dr. H\u00f6hn M\u00e1ria Telefon:\u00a0 +36 30 375 2438 Hivatalos e-mail el\u00e9rhet\u0151s\u00e9g: botanikuskert.soroksar@uni-mate.hu \u00a0 Bel\u00e9p\u0151 \u00e1rak: \u00a0 Jegyek: \u00a0 Teljes \u00e1r\u00fa jegy 800 Ft Kedvezm\u00e9nyes jegy 500 Ft [&hellip;]<\/p>\n","protected":false},"author":1,"featured_media":0,"parent":0,"menu_order":0,"comment_status":"closed","ping_status":"closed","template":"","meta":{"_monsterinsights_skip_tracking":false,"_monsterinsights_sitenote_active":false,"_monsterinsights_sitenote_note":"","_monsterinsights_sitenote_category":0,"footnotes":""},"_links":{"self":[{"href":"https:\/\/ehetovadnovenyeink.hu\/index.php\/wp-json\/wp\/v2\/pages\/115"}],"collection":[{"href":"https:\/\/ehetovadnovenyeink.hu\/index.php\/wp-json\/wp\/v2\/pages"}],"about":[{"href":"https:\/\/ehetovadnovenyeink.hu\/index.php\/wp-json\/wp\/v2\/types\/page"}],"author":[{"embeddable":true,"href":"https:\/\/ehetovadnovenyeink.hu\/index.php\/wp-json\/wp\/v2\/users\/1"}],"replies":[{"embeddable":true,"href":"https:\/\/ehetovadnovenyeink.hu\/index.php\/wp-json\/wp\/v2\/comments?post=115"}],"version-history":[{"count":18,"href":"https:\/\/ehetovadnovenyeink.hu\/index.php\/wp-json\/wp\/v2\/pages\/115\/revisions"}],"predecessor-version":[{"id":1180,"href":"https:\/\/ehetovadnovenyeink.hu\/index.php\/wp-json\/wp\/v2\/pages\/115\/revisions\/1180"}],"wp:attachment":[{"href":"https:\/\/ehetovadnovenyeink.hu\/index.php\/wp-json\/wp\/v2\/media?parent=115"}],"curies":[{"name":"wp","href":"https:\/\/api.w.org\/{rel}","templated":true}]}}