{"id":100,"date":"2021-10-09T11:09:31","date_gmt":"2021-10-09T11:09:31","guid":{"rendered":"https:\/\/ehetovadnovenyeink.hu\/?page_id=100"},"modified":"2021-10-26T08:54:27","modified_gmt":"2021-10-26T08:54:27","slug":"gyujtes-szabalyai","status":"publish","type":"page","link":"https:\/\/ehetovadnovenyeink.hu\/index.php\/gyujtes-szabalyai\/","title":{"rendered":"Gy\u0171jt\u00e9s szab\u00e1lyai"},"content":{"rendered":"<p>Vadn\u00f6v\u00e9nyek gy\u0171jt\u00e9se sor\u00e1n elengedhetetlen, hogy bizonyos ismeretekkel tiszt\u00e1ban legyen a gy\u0171jt\u00e9st v\u00e9gz\u0151 szem\u00e9ly, ilyen a n\u00f6v\u00e9nyek morfol\u00f3giai b\u00e9lyegeinek ismerete, a legfontosabb fogalmak, amelyek n\u00e9lk\u00fcl\u00f6zhetetlenek a fajok egym\u00e1st\u00f3l val\u00f3 biztons\u00e1gos elk\u00fcl\u00f6n\u00edt\u00e9s\u00e9hez. Ehhez hasznos lehet, ha a terepen mindenki mag\u00e1val visz \u00e1br\u00e1kkal is illusztr\u00e1lt n\u00f6v\u00e9nyhat\u00e1roz\u00f3t, melyet fellapozhat, \u00e9s amely seg\u00edts\u00e9g\u00e9vel ismerkedhet a n\u00f6v\u00e9nyekkel.<\/p>\n<p>A fajismereten t\u00fal l\u00e9nyeges tiszt\u00e1ban lenni a gy\u0171jtend\u0151 n\u00f6v\u00e9nyi r\u00e9sszel, valamint azzal is, hogy mikor van a legmegfelel\u0151bb id\u0151pont a gy\u0171jt\u00e9sre, mind a n\u00f6v\u00e9nyi beltartalom min\u0151s\u00e9g\u00e9nek szempontj\u00e1b\u00f3l mind az \u00e9vszak \u00e9s id\u0151j\u00e1r\u00e1s tekintet\u00e9ben. Tov\u00e1bb\u00e1 fontos, hogy ismerj\u00fck \u00e9s felismerj\u00fck a m\u00e9rgez\u0151 vagy egy\u00e9b k\u00e1ros hat\u00e1ssal rendelkez\u0151 n\u00f6v\u00e9nyeket. Elengedhetetlen tov\u00e1bb\u00e1 a v\u00e9dett, fokozottan v\u00e9dett \u00e9s vesz\u00e9lyeztetett fajok ismerete is annak \u00e9rdek\u00e9ben, hogy a term\u00e9szetet ne k\u00e1ros\u00edtsuk \u00e9s a ter\u00fcleteken fellelhet\u0151 biol\u00f3giai sokf\u00e9les\u00e9get meg\u00f3vjuk \u00e9s min\u00e9l hosszabb t\u00e1von meg\u0151rizz\u00fck. A t\u00f6rv\u00e9ny \u00e1ltal v\u00e9dett fajok gy\u0171jt\u00e9se tilos! A term\u00e9szetv\u00e9delem \u00e1ltal v\u00e9dett fajokr\u00f3l az \u00e1llami term\u00e9szetv\u00e9delem hivatalos honlapj\u00e1n kaphatunk naprak\u00e9sz inform\u00e1ci\u00f3t (<a href=\"https:\/\/termeszetvedelem.hu\/\">https:\/\/termeszetvedelem.hu\/<\/a>).<\/p>\n<p>Gy\u0171jt\u00e9s sor\u00e1n fontos, hogy az adott ter\u00fcleten ne hagyjunk a n\u00f6v\u00e9nyzetben tapos\u00e1s, v\u00e1g\u00e1s \u00e9s \u00e1s\u00e1s nyomokat, k\u00edm\u00e9letesen b\u00e1njunk a gy\u0171jteni k\u00edv\u00e1nt \u00e9s t\u00f6bbi ter\u00fcleten \u00e9l\u0151 n\u00f6v\u00e9nnyel egyar\u00e1nt. Fontos a megfelel\u0151 m\u00f3dszert alkalmazni a gy\u0171jt\u00e9s sor\u00e1n, ezzel is biztos\u00edtva az egyed illetve az \u00e1llom\u00e1ny s\u00e9rtetlens\u00e9g\u00e9t, valamint a ter\u00fclet hossz\u00fat\u00e1v\u00fa t\u00fal\u00e9l\u00e9s\u00e9t \u00e9s a hossz\u00fat\u00e1v\u00fa gy\u0171jt\u00e9s fennmarad\u00e1s\u00e1nak lehet\u0151s\u00e9g\u00e9t. A megfelel\u0151 eszk\u00f6z\u00f6k, mint a metsz\u0151oll\u00f3, k\u00e9s, \u00e1s\u00f3, keszty\u0171 haszn\u00e1lat\u00e1val k\u00f6nnyed\u00e9n \u00e9s minim\u00e1lis s\u00e9r\u00fcl\u00e9st okozva a n\u00f6v\u00e9nynek v\u00e9gezhet\u0151 a gy\u0171jt\u00e9s. A ter\u00fclet kiv\u00e1laszt\u00e1s\u00e1n\u00e1l mindig vegy\u00fck figyelembe annak elhelyezked\u00e9s\u00e9t, a szennyezetts\u00e9g\u00e9nek lehets\u00e9ges m\u00e9rt\u00e9k\u00e9t. Forgalmas utak ment\u00e9n a por- \u00e9s a neh\u00e9zf\u00e9mszennyezetts\u00e9g miatt ne gy\u0171jts\u00fcnk, mez\u0151gazdas\u00e1gi ter\u00fcletek mell\u0151l a k\u00fcl\u00f6nb\u00f6z\u0151 n\u00f6v\u00e9nyv\u00e9d\u0151szerek elsodr\u00f3d\u00e1s\u00e1nak kock\u00e1zata miatt ne szedj\u00fcnk semmilyen n\u00f6v\u00e9nyi r\u00e9szt.<\/p>\n<p>A vadn\u00f6v\u00e9nyek gy\u0171jt\u00e9s\u00e9re vonatkoz\u00f3an, az <a href=\"https:\/\/net.jogtar.hu\/jogszabaly?docid=99600053.tv\">1996. \u00e9vi LIII. t\u00f6rv\u00e9ny A Term\u00e9szet v\u00e9delm\u00e9r\u0151l<\/a> sz\u00f3l\u00f3 t\u00f6rv\u00e9ny rendelkez\u00e9sei vonatkoznak, \u00e9s ennek \u00e9rtelm\u00e9ben v\u00e9dett term\u00e9szeti ter\u00fcleten v\u00e9gzett gy\u0171jt\u00e9shez a term\u00e9szetv\u00e9delmi hat\u00f3s\u00e1g enged\u00e9lye sz\u00fcks\u00e9ges, tov\u00e1bb\u00e1 v\u00e9dett n\u00f6v\u00e9nyfaj egyed\u00e9nek, vagy b\u00e1rmely r\u00e9sz\u00e9nek a gy\u0171jt\u00e9s\u00e9hez is a term\u00e9szetv\u00e9delmi hat\u00f3s\u00e1g enged\u00e9lye sz\u00fcks\u00e9ges. A gy\u0171jt\u00e9sre alkalmas ter\u00fclet v\u00e9detts\u00e9gi st\u00e1tusz\u00e1r\u00f3l t\u00e1j\u00e9koz\u00f3dhatunk online form\u00e1ban a Term\u00e9szetv\u00e9delmi Inform\u00e1ci\u00f3s Rendszeren kereszt\u00fcl (<a href=\"http:\/\/web.okir.hu\/hu\/tart\/index\/234\/Interaktiv_termeszetvedelmi_terkep\">http:\/\/web.okir.hu\/hu\/tart\/index\/234\/Interaktiv_termeszetvedelmi_terkep<\/a>). A r\u00e9szletesebb adatok tekintet\u00e9ben a m\u0171k\u00f6d\u00e9si ter\u00fclet szerint illet\u00e9kes Nemzeti Park Igazgat\u00f3s\u00e1g (<a href=\"http:\/\/magyarnemzetiparkok.hu\/a-np-igazgatosagok-mukodesi-terulete\/\">http:\/\/magyarnemzetiparkok.hu\/a-np-igazgatosagok-mukodesi-terulete\/<\/a>) vagy a term\u00e9szetv\u00e9delem\u00e9rt felel\u0151s miniszt\u00e9rium adhat t\u00e1j\u00e9koztat\u00e1st. \u00a0A Natura 2000 ter\u00fcletekre vonatkoz\u00f3an az 1996. \u00e9vi LIII. t\u00f6rv\u00e9ny vonatkozik, azt a Korm\u00e1ny jel\u00f6li ki \u00e9s teszi k\u00f6zz\u00e9, valamint hat\u00e1rozza meg az adott ter\u00fcletre vonatkoz\u00f3 szab\u00e1lyokat is. Erre vonatkoz\u00f3 inform\u00e1ci\u00f3t a <a href=\"https:\/\/net.jogtar.hu\/jogszabaly?docid=a0400275.kor\">275\/2004 (X.8.) Korm. rendelet<\/a> az eur\u00f3pai k\u00f6z\u00f6ss\u00e9gi jelent\u0151s\u00e9g\u0171 term\u00e9szetv\u00e9delmi rendeltet\u00e9s\u0171 ter\u00fcletekr\u0151l sz\u00f3l\u00f3 jogszab\u00e1lyban tal\u00e1ljuk. V\u00e9dett term\u00e9szeti ter\u00fcleten, azaz nemzeti park, t\u00e1jv\u00e9delmi k\u00f6rzet v\u00e9dett \u00e9s fokozottan v\u00e9dett term\u00e9szetv\u00e9delmi ter\u00fclet, valamint term\u00e9szeti eml\u00e9k \u00e9s Natura 2000 t\u00e9rs\u00e9gben minden esetben enged\u00e9ly sz\u00fcks\u00e9ges a gy\u0171jt\u00e9shez, enged\u00e9lyt a ter\u00fcletileg illet\u00e9kes term\u00e9szetv\u00e9delmi hat\u00f3s\u00e1gt\u00f3l kell ig\u00e9nyelni. Helyi jelent\u0151s\u00e9g\u0171 v\u00e9dett term\u00e9szeti ter\u00fclet eset\u00e9ben az \u00e9rintett telep\u00fcl\u00e9s jegyz\u0151je l\u00e1tja el a term\u00e9szetv\u00e9delmi hat\u00f3s\u00e1g feladat\u00e1t (<a href=\"https:\/\/www.gyszt.hu\/hu\/aktualitasok\/a-gyogynovenygyujtes-szabalyai\"><u>https:\/\/www.gyszt.hu\/hu\/aktualitasok\/a-gyogynovenygyujtes-szabalyai<\/u><\/a>).<\/p>\n<p>A <a href=\"https:\/\/net.jogtar.hu\/jogszabaly?docid=a0900037.tv\">2009. \u00e9vi XXXVII. t\u00f6rv\u00e9ny<\/a> az Erd\u0151r\u0151l, az erd\u0151 v\u00e9delm\u00e9r\u0151l \u00e9s az erd\u0151gazd\u00e1lkod\u00e1sr\u00f3l alkotott jogszab\u00e1ly \u00e9rtelm\u00e9ben a gomb\u00e1k, vadgy\u00fcm\u00f6lcs\u00f6k, vir\u00e1gok, gy\u00f3gyn\u00f6v\u00e9nyek gy\u0171jt\u00e9se erdei haszonv\u00e9telnek min\u0151s\u00fcl, melyre \u00e9rv\u00e9nyes szab\u00e1lyok vonatkoznak. A haszonv\u00e9tel csak a ter\u00fclet k\u00e1ros\u00edt\u00e1sa, \u00e9s a biol\u00f3giai sokf\u00e9les\u00e9g vesz\u00e9lyeztet\u00e9se n\u00e9lk\u00fcl, a term\u00e9szetes fel\u00fajul\u00e1st lehet\u0151v\u00e9 tev\u0151 m\u00f3don t\u00f6rt\u00e9nhet. A 100%-ban \u00e1llami tulajdonban l\u00e9v\u0151 erd\u0151ben az egy\u00e9ni sz\u00fcks\u00e9gletet meg nem halad\u00f3 mennyis\u00e9g\u0171 gomba, vadgy\u00fcm\u00f6lcs, gy\u00f3gyn\u00f6v\u00e9ny valamint forr\u00e1sv\u00edz elhord\u00e1s\u00e1t k\u00f6teles t\u0171rni az erd\u0151gazd\u00e1lkod\u00f3. Az erdei haszonv\u00e9tel fogalm\u00e1n k\u00edv\u00fcl es\u0151 erd\u0151, legel\u0151, l\u00e1pr\u00e9t \u00e9s kasz\u00e1l\u00f3 ter\u00fcleteken, a nem v\u00e9dett \u00e1llami, mag\u00e1n, illetve \u00f6nkorm\u00e1nyzati ter\u00fcleten a tulajdonos szabja meg a gy\u0171jthet\u0151 mennyis\u00e9get. A gy\u0171jt\u00e9sre minden k\u00f6r\u00fclm\u00e9nyek k\u00f6z\u00f6tt vonatkoz\u00f3 alapelv az 1996. \u00e9vi LIII. t\u00f6rv\u00e9ny a term\u00e9szet v\u00e9delm\u00e9r\u0151l \u00e9rtelm\u00e9ben: \u201eA term\u00e9szeti \u00e9rt\u00e9kek \u00e9s ter\u00fcletek csak olyan m\u00e9rt\u00e9kben ig\u00e9nybe vehet\u0151k, hasznos\u00edthat\u00f3k, hogy a m\u0171k\u00f6d\u00e9s\u00fck szempontj\u00e1b\u00f3l alapvet\u0151 term\u00e9szeti rendszerek \u00e9s azok folyamatainak m\u0171k\u00f6d\u0151k\u00e9pess\u00e9ge fennmaradjon, tov\u00e1bb\u00e1 a biol\u00f3giai sokf\u00e9les\u00e9g fenntarthat\u00f3 legyen.\u201d<\/p>\n<p>A <a href=\"https:\/\/www.mvh.allamkincstar.gov.hu\/documents\/20182\/198826\/153_2009_%28XI.13.%29+FVM+rendelet\/7b61342a-76d6-4ac2-a9b2-5aa7af6d332d?version=1.0\">153\/2009 (XI. 13.) FVM rendelet<\/a> az erd\u0151r\u0151l, az erd\u0151 v\u00e9delm\u00e9r\u0151l \u00e9s az erd\u0151gazd\u00e1lkod\u00e1sr\u00f3l sz\u00f3l\u00f3 2009. \u00e9vi XXXVII. t\u00f6rv\u00e9ny v\u00e9grehajt\u00e1s\u00e1r\u00f3l sz\u00f3l\u00f3 rendelet, az erdei haszonv\u00e9telre vonatkoz\u00f3an el\u0151\u00edrja az egy\u00e9ni sz\u00fcks\u00e9gletre gy\u0171jt\u00f6tt, szem\u00e9lyenk\u00e9nt gy\u0171jthet\u0151 napi mennyis\u00e9get, ami legfeljebb 2 kg gomba, 2 kg vadgy\u00fcm\u00f6lcs \u00e9s 2 kg gy\u00f3gyn\u00f6v\u00e9ny lehet, de kereskedelmi forgalomba hoz\u00e1sa nem enged\u00e9lyezett. A mag\u00e1nerd\u0151kben gy\u0171jteni nem lehet, illetve a ter\u00fclet tulajdonos\u00e1nak, kezel\u0151j\u00e9nek az enged\u00e9lye sz\u00fcks\u00e9ges hozz\u00e1. Az erd\u0151k tulajdonviszonyair\u00f3l a Nemzeti \u00c9lelmiszerl\u00e1nc-biztons\u00e1gi Hivatal honlapj\u00e1n tal\u00e1lhat\u00f3 nyilv\u00e1nos interakt\u00edv erd\u0151t\u00e9rk\u00e9p seg\u00edts\u00e9g\u00e9vel inform\u00e1ci\u00f3hoz juthatunk (<a href=\"https:\/\/erdoterkep.nebih.gov.hu\/\">https:\/\/erdoterkep.nebih.gov.hu\/<\/a>).<\/p>\n","protected":false},"excerpt":{"rendered":"<p>Vadn\u00f6v\u00e9nyek gy\u0171jt\u00e9se sor\u00e1n elengedhetetlen, hogy bizonyos ismeretekkel tiszt\u00e1ban legyen a gy\u0171jt\u00e9st v\u00e9gz\u0151 szem\u00e9ly, ilyen a n\u00f6v\u00e9nyek morfol\u00f3giai b\u00e9lyegeinek ismerete, a legfontosabb fogalmak, amelyek n\u00e9lk\u00fcl\u00f6zhetetlenek a fajok egym\u00e1st\u00f3l val\u00f3 biztons\u00e1gos elk\u00fcl\u00f6n\u00edt\u00e9s\u00e9hez. Ehhez hasznos lehet, ha a terepen mindenki mag\u00e1val visz \u00e1br\u00e1kkal is illusztr\u00e1lt n\u00f6v\u00e9nyhat\u00e1roz\u00f3t, melyet fellapozhat, \u00e9s amely seg\u00edts\u00e9g\u00e9vel ismerkedhet a n\u00f6v\u00e9nyekkel. A fajismereten t\u00fal l\u00e9nyeges [&hellip;]<\/p>\n","protected":false},"author":1,"featured_media":0,"parent":0,"menu_order":0,"comment_status":"closed","ping_status":"closed","template":"","meta":{"_monsterinsights_skip_tracking":false,"_monsterinsights_sitenote_active":false,"_monsterinsights_sitenote_note":"","_monsterinsights_sitenote_category":0,"footnotes":""},"_links":{"self":[{"href":"https:\/\/ehetovadnovenyeink.hu\/index.php\/wp-json\/wp\/v2\/pages\/100"}],"collection":[{"href":"https:\/\/ehetovadnovenyeink.hu\/index.php\/wp-json\/wp\/v2\/pages"}],"about":[{"href":"https:\/\/ehetovadnovenyeink.hu\/index.php\/wp-json\/wp\/v2\/types\/page"}],"author":[{"embeddable":true,"href":"https:\/\/ehetovadnovenyeink.hu\/index.php\/wp-json\/wp\/v2\/users\/1"}],"replies":[{"embeddable":true,"href":"https:\/\/ehetovadnovenyeink.hu\/index.php\/wp-json\/wp\/v2\/comments?post=100"}],"version-history":[{"count":10,"href":"https:\/\/ehetovadnovenyeink.hu\/index.php\/wp-json\/wp\/v2\/pages\/100\/revisions"}],"predecessor-version":[{"id":1138,"href":"https:\/\/ehetovadnovenyeink.hu\/index.php\/wp-json\/wp\/v2\/pages\/100\/revisions\/1138"}],"wp:attachment":[{"href":"https:\/\/ehetovadnovenyeink.hu\/index.php\/wp-json\/wp\/v2\/media?parent=100"}],"curies":[{"name":"wp","href":"https:\/\/api.w.org\/{rel}","templated":true}]}}